{"id":384,"date":"2017-09-13T13:30:28","date_gmt":"2017-09-13T13:30:28","guid":{"rendered":"https:\/\/scirotech.de\/?page_id=384"},"modified":"2022-08-19T21:22:37","modified_gmt":"2022-08-19T21:22:37","slug":"smarthome","status":"publish","type":"page","link":"https:\/\/elektro-boesing.de\/?page_id=384","title":{"rendered":"Smarthome"},"content":{"rendered":"<p>Mit dem Schlagwort Smarthome werden unterschiedlichste Systeme (KNX, LNC, Homematic, Z-Wave, ZigBee, EnOcean) und darauf aufbauender Produkte (Osram Lightify, Philips Hue, Devolo, Fibaro, RWE\/innogy) zur Automatisierung von z.B. Licht, Roll\u00e4den, Heizung, Zutritt und Sicherheit verbunden. Aus einer un\u00fcbersichtlichen Anzahl von Anbietern ist es notwendig das beste System in Hinsicht auf M\u00f6glichkeiten, Komfort, Sicherheit, Kosten, Stabilit\u00e4t und Ausbauf\u00e4higkeit auszuw\u00e4hlen. Wir beraten unsere Kunden individuell und finden die am besten passende L\u00f6sung.<\/p>\n<p>F\u00fcr uns ist ein Smarthome nach Installation und Einrichtung nicht fertigstellt, sondern ein lebendes Objekt, das an sich \u00e4ndernde Situationen angepasst werden muss. Gleichzeitig m\u00f6chten viele Kunden dazu nicht von Spezialsoftware und Kosten eines Elektrobetriebs abh\u00e4ngig sein. Wir favorisieren deshalb Systeme in denen wir dem Kunden die elektrotechnische Seite des Smarthomes zuverl\u00e4ssig und sicher bereitstellen k\u00f6nnen und der Kunde die softwareseitigen Einstellungen und \u00c4nderungen selber vornimmt.<\/p>\n<ul>\n<li>Planung und Realisation von intelligenten Geb\u00e4uden<\/li>\n<li>Kostenoptimierung<\/li>\n<li>offene Systeme: Elektrotechnik professionell durch uns, Systemeinstellungen \u00fcber App\/Software durch Kunden<\/li>\n<\/ul>\n<p>Bitte kontaktieren Sie uns f\u00fcr weitere Details oder Anfragen.<\/p>\n<p>\u00a0<\/p>\n\n\n<p><\/p>\n","protected":false},"excerpt":{"rendered":"<p>Mit dem Schlagwort Smarthome werden unterschiedlichste Systeme (KNX, LNC, Homematic, Z-Wave, ZigBee, EnOcean) und darauf aufbauender Produkte (Osram Lightify, Philips Hue, Devolo, Fibaro, RWE\/innogy) zur Automatisierung von z.B. Licht, Roll\u00e4den, Heizung, Zutritt und Sicherheit verbunden. Aus einer un\u00fcbersichtlichen Anzahl von Anbietern ist es notwendig das beste System in Hinsicht auf M\u00f6glichkeiten, Komfort, Sicherheit, Kosten, Stabilit\u00e4t &#8230; <a title=\"Smarthome\" class=\"read-more\" href=\"https:\/\/elektro-boesing.de\/?page_id=384\" aria-label=\"More on Smarthome\">Read more<\/a><\/p>\n","protected":false},"author":1,"featured_media":0,"parent":0,"menu_order":0,"comment_status":"closed","ping_status":"closed","template":"","meta":{"generate_page_header":"","spay_email":""},"jetpack_shortlink":"https:\/\/wp.me\/P6tPjX-6c","_links":{"self":[{"href":"https:\/\/elektro-boesing.de\/index.php?rest_route=\/wp\/v2\/pages\/384"}],"collection":[{"href":"https:\/\/elektro-boesing.de\/index.php?rest_route=\/wp\/v2\/pages"}],"about":[{"href":"https:\/\/elektro-boesing.de\/index.php?rest_route=\/wp\/v2\/types\/page"}],"author":[{"embeddable":true,"href":"https:\/\/elektro-boesing.de\/index.php?rest_route=\/wp\/v2\/users\/1"}],"replies":[{"embeddable":true,"href":"https:\/\/elektro-boesing.de\/index.php?rest_route=%2Fwp%2Fv2%2Fcomments&post=384"}],"version-history":[{"count":6,"href":"https:\/\/elektro-boesing.de\/index.php?rest_route=\/wp\/v2\/pages\/384\/revisions"}],"predecessor-version":[{"id":502,"href":"https:\/\/elektro-boesing.de\/index.php?rest_route=\/wp\/v2\/pages\/384\/revisions\/502"}],"wp:attachment":[{"href":"https:\/\/elektro-boesing.de\/index.php?rest_route=%2Fwp%2Fv2%2Fmedia&parent=384"}],"curies":[{"name":"wp","href":"https:\/\/api.w.org\/{rel}","templated":true}]}}