{"id":309,"date":"2016-10-12T20:37:41","date_gmt":"2016-10-12T20:37:41","guid":{"rendered":"http:\/\/scirotech.de\/?page_id=309"},"modified":"2022-08-19T21:23:36","modified_gmt":"2022-08-19T21:23:36","slug":"emobility","status":"publish","type":"page","link":"https:\/\/elektro-boesing.de\/?page_id=309","title":{"rendered":"eMobility"},"content":{"rendered":"<ul>\n<li>Individuelle und umfassende L\u00f6sung f\u00fcr Ihre eMobilit\u00e4t<\/li>\n<li>&#8222;Smarte&#8220; Steuerung von Wallbox und PV-Anlage (zur Maximierung des Eigenverbrauches)<\/li>\n<li>Lastmanagement-L\u00f6sungen f\u00fcr Systemen mit mehreren Ladepunkten (z.B. in Mehrparteienh\u00e4usern)<\/li>\n<li>Abkl\u00e4rung der m\u00f6glichen Leistung mit Ihrem Verteilnetzbetreiber<\/li>\n<\/ul>\n<p>Bitte kontaktieren Sie uns f\u00fcr weitere Details oder Anfragen.<\/p>\n<p><img loading=\"lazy\" class=\"alignleft size-medium wp-image-296\" src=\"https:\/\/scirotech.de\/wp-content\/uploads\/2016\/10\/ev2-300x69.png\" alt=\"ev2\" width=\"300\" height=\"69\" srcset=\"https:\/\/elektro-boesing.de\/wp-content\/uploads\/2016\/10\/ev2-300x69.png 300w, https:\/\/elektro-boesing.de\/wp-content\/uploads\/2016\/10\/ev2-768x177.png 768w, https:\/\/elektro-boesing.de\/wp-content\/uploads\/2016\/10\/ev2-1024x235.png 1024w\" sizes=\"(max-width: 300px) 100vw, 300px\" \/><\/p>\n","protected":false},"excerpt":{"rendered":"<p>Individuelle und umfassende L\u00f6sung f\u00fcr Ihre eMobilit\u00e4t &#8222;Smarte&#8220; Steuerung von Wallbox und PV-Anlage (zur Maximierung des Eigenverbrauches) Lastmanagement-L\u00f6sungen f\u00fcr Systemen mit mehreren Ladepunkten (z.B. in Mehrparteienh\u00e4usern) Abkl\u00e4rung der m\u00f6glichen Leistung mit Ihrem Verteilnetzbetreiber Bitte kontaktieren Sie uns f\u00fcr weitere Details oder Anfragen.<\/p>\n","protected":false},"author":1,"featured_media":0,"parent":0,"menu_order":0,"comment_status":"closed","ping_status":"closed","template":"","meta":{"generate_page_header":"","spay_email":""},"jetpack_shortlink":"https:\/\/wp.me\/P6tPjX-4Z","_links":{"self":[{"href":"https:\/\/elektro-boesing.de\/index.php?rest_route=\/wp\/v2\/pages\/309"}],"collection":[{"href":"https:\/\/elektro-boesing.de\/index.php?rest_route=\/wp\/v2\/pages"}],"about":[{"href":"https:\/\/elektro-boesing.de\/index.php?rest_route=\/wp\/v2\/types\/page"}],"author":[{"embeddable":true,"href":"https:\/\/elektro-boesing.de\/index.php?rest_route=\/wp\/v2\/users\/1"}],"replies":[{"embeddable":true,"href":"https:\/\/elektro-boesing.de\/index.php?rest_route=%2Fwp%2Fv2%2Fcomments&post=309"}],"version-history":[{"count":9,"href":"https:\/\/elektro-boesing.de\/index.php?rest_route=\/wp\/v2\/pages\/309\/revisions"}],"predecessor-version":[{"id":504,"href":"https:\/\/elektro-boesing.de\/index.php?rest_route=\/wp\/v2\/pages\/309\/revisions\/504"}],"wp:attachment":[{"href":"https:\/\/elektro-boesing.de\/index.php?rest_route=%2Fwp%2Fv2%2Fmedia&parent=309"}],"curies":[{"name":"wp","href":"https:\/\/api.w.org\/{rel}","templated":true}]}}