{"id":255,"date":"2016-10-10T13:54:50","date_gmt":"2016-10-10T13:54:50","guid":{"rendered":"http:\/\/scirotech.de\/?page_id=255"},"modified":"2022-08-19T21:30:40","modified_gmt":"2022-08-19T21:30:40","slug":"elektrotechnik","status":"publish","type":"page","link":"https:\/\/elektro-boesing.de\/?page_id=255","title":{"rendered":""},"content":{"rendered":"<p>Als konzessioniertes, Ingenieur-gef\u00fchrtes Unternehmen (eingetragen im Installateur-Verzeichnis von Westnetz), bieten wir fachkompetente Planung und Realisation moderner Elektroinstallationen.<\/p>\n<p>Unser Leistungsspektrum beinhaltet:<\/p>\n<ul>\n<li>Ladestationen f\u00fcr Elektroautos (&#8222;Wallbox&#8220;)<\/li>\n<li>Photovoltaikanlagen und Energiespeicher<\/li>\n<li>Schaltschr\u00e4nke und Z\u00e4hleranlagen<\/li>\n<li>Smarthome<\/li>\n<\/ul>\n<p style=\"text-align: justify;\"><img loading=\"lazy\" class=\"alignnone wp-image-299\" src=\"https:\/\/scirotech.de\/wp-content\/uploads\/2016\/10\/house2-218x300.png\" alt=\"Elektrikinstallation Haus\" width=\"145\" height=\"200\" srcset=\"https:\/\/elektro-boesing.de\/wp-content\/uploads\/2016\/10\/house2-218x300.png 218w, https:\/\/elektro-boesing.de\/wp-content\/uploads\/2016\/10\/house2.png 302w\" sizes=\"(max-width: 145px) 100vw, 145px\" \/><img loading=\"lazy\" class=\"alignnone wp-image-296\" src=\"https:\/\/scirotech.de\/wp-content\/uploads\/2016\/10\/ev2-300x69.png\" alt=\"emobility\" width=\"204\" height=\"47\" srcset=\"https:\/\/elektro-boesing.de\/wp-content\/uploads\/2016\/10\/ev2-300x69.png 300w, https:\/\/elektro-boesing.de\/wp-content\/uploads\/2016\/10\/ev2-768x177.png 768w, https:\/\/elektro-boesing.de\/wp-content\/uploads\/2016\/10\/ev2-1024x235.png 1024w\" sizes=\"(max-width: 204px) 100vw, 204px\" \/><\/p>\n<p style=\"text-align: justify;\">\n","protected":false},"excerpt":{"rendered":"<p>Als konzessioniertes, Ingenieur-gef\u00fchrtes Unternehmen (eingetragen im Installateur-Verzeichnis von Westnetz), bieten wir fachkompetente Planung und Realisation moderner Elektroinstallationen. Unser Leistungsspektrum beinhaltet: Ladestationen f\u00fcr Elektroautos (&#8222;Wallbox&#8220;) Photovoltaikanlagen und Energiespeicher Schaltschr\u00e4nke und Z\u00e4hleranlagen Smarthome<\/p>\n","protected":false},"author":1,"featured_media":0,"parent":0,"menu_order":0,"comment_status":"closed","ping_status":"closed","template":"","meta":{"generate_page_header":"","spay_email":""},"jetpack_shortlink":"https:\/\/wp.me\/P6tPjX-47","_links":{"self":[{"href":"https:\/\/elektro-boesing.de\/index.php?rest_route=\/wp\/v2\/pages\/255"}],"collection":[{"href":"https:\/\/elektro-boesing.de\/index.php?rest_route=\/wp\/v2\/pages"}],"about":[{"href":"https:\/\/elektro-boesing.de\/index.php?rest_route=\/wp\/v2\/types\/page"}],"author":[{"embeddable":true,"href":"https:\/\/elektro-boesing.de\/index.php?rest_route=\/wp\/v2\/users\/1"}],"replies":[{"embeddable":true,"href":"https:\/\/elektro-boesing.de\/index.php?rest_route=%2Fwp%2Fv2%2Fcomments&post=255"}],"version-history":[{"count":45,"href":"https:\/\/elektro-boesing.de\/index.php?rest_route=\/wp\/v2\/pages\/255\/revisions"}],"predecessor-version":[{"id":511,"href":"https:\/\/elektro-boesing.de\/index.php?rest_route=\/wp\/v2\/pages\/255\/revisions\/511"}],"wp:attachment":[{"href":"https:\/\/elektro-boesing.de\/index.php?rest_route=%2Fwp%2Fv2%2Fmedia&parent=255"}],"curies":[{"name":"wp","href":"https:\/\/api.w.org\/{rel}","templated":true}]}}